{"id":9,"date":"2016-02-15T22:42:54","date_gmt":"2016-02-15T22:42:54","guid":{"rendered":"http:\/\/popchamber.com.ar\/wp\/?page_id=9"},"modified":"2016-10-13T19:56:45","modified_gmt":"2016-10-13T19:56:45","slug":"mision","status":"publish","type":"page","link":"https:\/\/popchamber.com.ar\/?page_id=9&lang=es","title":{"rendered":"Misi\u00f3n  &#8211; Visi\u00f3n"},"content":{"rendered":"<h2><strong>Misi\u00f3n &#8211; Visi\u00f3n<\/strong><\/h2>\n<p><strong>\u00a0<\/strong><em>Nuestra <strong>MISI\u00d3N<\/strong> es promover el desarrollo de la cadena de valor del Ma\u00edz Pisingallo Argentino, apostando al mejoramiento continuo del est\u00e1ndar de calidad y al posicionamiento de la Argentina como un proveedor confiable y de excelente calidad.<\/em><\/p>\n<p><em>Nuestra <strong>VISI\u00d3N<\/strong> es posicionar a la Industria Argentina de Ma\u00edz Pisingallo como el principal proveedor a nivel mundial, reconocido por sus altos niveles de calidad y como un origen confiable y sustentable en el largo plazo.<\/em><\/p>\n","protected":false},"excerpt":{"rendered":"<p>Misi\u00f3n &#8211; Visi\u00f3n \u00a0Nuestra MISI\u00d3N es promover el desarrollo de la cadena de valor del Ma\u00edz Pisingallo Argentino, apostando al mejoramiento continuo del est\u00e1ndar de calidad y al posicionamiento de la Argentina como un proveedor confiable y de excelente calidad. &hellip; <a href=\"https:\/\/popchamber.com.ar\/?page_id=9&#038;lang=es\">Sigue leyendo <span class=\"meta-nav\">&rarr;<\/span><\/a><\/p>\n","protected":false},"author":1,"featured_media":0,"parent":21,"menu_order":0,"comment_status":"closed","ping_status":"closed","template":"","meta":{"jetpack_post_was_ever_published":false,"footnotes":"","_links_to":"","_links_to_target":""},"class_list":["post-9","page","type-page","status-publish","hentry"],"jetpack_sharing_enabled":true,"jetpack_shortlink":"https:\/\/wp.me\/P7gBCh-9","_links":{"self":[{"href":"https:\/\/popchamber.com.ar\/index.php?rest_route=\/wp\/v2\/pages\/9","targetHints":{"allow":["GET"]}}],"collection":[{"href":"https:\/\/popchamber.com.ar\/index.php?rest_route=\/wp\/v2\/pages"}],"about":[{"href":"https:\/\/popchamber.com.ar\/index.php?rest_route=\/wp\/v2\/types\/page"}],"author":[{"embeddable":true,"href":"https:\/\/popchamber.com.ar\/index.php?rest_route=\/wp\/v2\/users\/1"}],"replies":[{"embeddable":true,"href":"https:\/\/popchamber.com.ar\/index.php?rest_route=%2Fwp%2Fv2%2Fcomments&post=9"}],"version-history":[{"count":9,"href":"https:\/\/popchamber.com.ar\/index.php?rest_route=\/wp\/v2\/pages\/9\/revisions"}],"predecessor-version":[{"id":425,"href":"https:\/\/popchamber.com.ar\/index.php?rest_route=\/wp\/v2\/pages\/9\/revisions\/425"}],"up":[{"embeddable":true,"href":"https:\/\/popchamber.com.ar\/index.php?rest_route=\/wp\/v2\/pages\/21"}],"wp:attachment":[{"href":"https:\/\/popchamber.com.ar\/index.php?rest_route=%2Fwp%2Fv2%2Fmedia&parent=9"}],"curies":[{"name":"wp","href":"https:\/\/api.w.org\/{rel}","templated":true}]}}