{"id":271,"date":"2016-09-16T19:46:42","date_gmt":"2016-09-16T19:46:42","guid":{"rendered":"http:\/\/popchamber.com.ar\/wp\/?page_id=271"},"modified":"2016-09-19T18:56:27","modified_gmt":"2016-09-19T18:56:27","slug":"cadena-de-valor-integrada","status":"publish","type":"page","link":"https:\/\/popchamber.com.ar\/?page_id=271&lang=es","title":{"rendered":"Cadena de Valor Integrada"},"content":{"rendered":"<h2><strong>Cadena de Valor Integrada por los Exportadores Argentinos <\/strong><\/h2>\n<p><img loading=\"lazy\" decoding=\"async\" class=\"aligncenter  wp-image-272\" src=\"http:\/\/popchamber.com.ar\/wp\/wp-content\/uploads\/2016\/09\/cadena-300x199.jpg\" alt=\"cadena\" width=\"526\" height=\"349\" srcset=\"https:\/\/popchamber.com.ar\/wp\/wp-content\/uploads\/2016\/09\/cadena-300x199.jpg 300w, https:\/\/popchamber.com.ar\/wp\/wp-content\/uploads\/2016\/09\/cadena-768x509.jpg 768w, https:\/\/popchamber.com.ar\/wp\/wp-content\/uploads\/2016\/09\/cadena.jpg 830w\" sizes=\"auto, (max-width: 526px) 100vw, 526px\" \/><\/strong><\/p>\n<p><strong>GEN\u00c9TICA<\/strong><\/p>\n<p><em>Trabajar con h\u00edbridos NoGMO, y que no solo apunten a obtener altos rendimientos, sino tambi\u00e9n a la calidad que el mercado global requiere, principalmente la expansi\u00f3n y aspecto.<\/em><\/p>\n<p><strong>ORIGINACI\u00d3N<\/strong><\/p>\n<p><em>En un mercado de nicho y peque\u00f1o como es el Pisingallo la Originaci\u00f3n debe ser inteligente: Producir lo que el mercado necesita, tanto en calidad como en cantidad.<\/em><\/p>\n<p><strong>RECEPCI\u00d3N Y ACONDICIONAMIENTO<\/strong><\/p>\n<p><em>Se debe contar con suficiente capacidad para concentrar la recepci\u00f3n de la totalidad de la producci\u00f3n en el periodo acotado de cosecha.<\/em><\/p>\n<p><em>El acondicionamiento es clave para lograr y preservar el principal atributo de calidad del producto \u201cla expansi\u00f3n\u201d.<\/em><\/p>\n<p><em>No se puede secar con temperatura, y se requieren instalaciones especiales para acondicionar el producto de manera correcta.<\/em><\/p>\n<p><em>Tambi\u00e9n se debe contar con capacidad de segregaci\u00f3n por h\u00edbridos y calidades.<\/em><\/p>\n<p><em>Finalmente, se debe poder conservar el producto, apto para consumo humano por un periodo m\u00ednimo de 12 meses, para poder asegurar el abastecimiento a los clientes de manera confiable a lo largo de todo el a\u00f1o.<\/em><\/p>\n<p><strong>PROCESO INDUSTRIAL<\/strong><\/p>\n<p><em>El proceso implica todas las actividades de limpieza al que se somete el producto, para que el mismo sea apto para consumo humano directo.<\/em><\/p>\n<p><em>Debe garantizar que se cumplan las condiciones establecidas en las especificaciones acordadas en el contrato de venta, adem\u00e1s de todas las condiciones requeridas por las autoridades sanitarias de origen y destino.<\/em><\/p>\n<p><em>El equipamiento de las plantas de proceso debe ser acorde, para poder cumplir con las exigencias de calidad y certificaci\u00f3n que exigen los clientes.<\/em><\/p>\n<p><em>A lo largo de todo el proceso de deben realizar controles de calidad para garantizar que se est\u00e1 embarcando mercader\u00eda conforme a lo estipulado en el contrato.<\/em><\/p>\n<p><em>Certificaciones, Trazabilidad y control de calidad:<\/em><\/p>\n<p><em>El pisingallo es una materia prima utilizada para la elaboraci\u00f3n de alimento humano. Los mercados que valoran la calidad son cada vez m\u00e1s exigentes en esta materia y obligan\u00a0 al exportador\u00a0 a realizar importantes\u00a0 inversiones para cumplir con las mismas.<\/em><\/p>\n<p><strong>LOG\u00cdSTICA<\/strong><\/p>\n<p><em>Una vez que la mercader\u00eda es procesada y consolidada (cargada a los contenedores), se realizan los controles aduaneros en la planta (en los casos de plantas habilitadas como zona aduanera), para luego ser enviada al puerto, con el \u00fanico prop\u00f3sito de ser embarcada hacia el cliente.<\/em><\/p>\n<p><em>En otros casos se utilizan los servicios de puertos secos o se consolida en dep\u00f3sitos adaptados para tal fin.Es importante hacer un seguimiento semanal de los embarques, controlando el estado de las cargas desde el despacho hasta el arribo a destino. <\/em><\/p>\n<p><strong>COMERCIALIZACI\u00d3N<\/strong><\/p>\n<p><em>La comercializaci\u00f3n es la clave y el punto de partida del negocio.\u00a0<\/em><em>Cada exportador define su estrategia comercial, teniendo en cuenta lo siguiente:<\/em><\/p>\n<ul>\n<li><em>Mercados y clientes objetivo.<\/em><\/li>\n<li><em>Capacidad de ventas.<\/em><\/li>\n<li><em>Pol\u00edticas de Precios y Marcas.<\/em><\/li>\n<li><em>Necesidades financieras.<\/em><\/li>\n<li><em>Gesti\u00f3n de cobranzas y manejo de riesgos crediticios.<\/em><\/li>\n<li><em>Actividades de Promoci\u00f3n: Participaci\u00f3n en ferias y giras comerciales.<\/em><\/li>\n<\/ul>\n<p><strong>\u00a0<\/strong><\/p>\n","protected":false},"excerpt":{"rendered":"<p>Cadena de Valor Integrada por los Exportadores Argentinos GEN\u00c9TICA Trabajar con h\u00edbridos NoGMO, y que no solo apunten a obtener altos rendimientos, sino tambi\u00e9n a la calidad que el mercado global requiere, principalmente la expansi\u00f3n y aspecto. ORIGINACI\u00d3N En un &hellip; <a href=\"https:\/\/popchamber.com.ar\/?page_id=271&#038;lang=es\">Sigue leyendo <span class=\"meta-nav\">&rarr;<\/span><\/a><\/p>\n","protected":false},"author":1,"featured_media":0,"parent":0,"menu_order":0,"comment_status":"closed","ping_status":"closed","template":"","meta":{"jetpack_post_was_ever_published":false,"footnotes":"","_links_to":"","_links_to_target":""},"class_list":["post-271","page","type-page","status-publish","hentry"],"jetpack_sharing_enabled":true,"jetpack_shortlink":"https:\/\/wp.me\/P7gBCh-4n","_links":{"self":[{"href":"https:\/\/popchamber.com.ar\/index.php?rest_route=\/wp\/v2\/pages\/271","targetHints":{"allow":["GET"]}}],"collection":[{"href":"https:\/\/popchamber.com.ar\/index.php?rest_route=\/wp\/v2\/pages"}],"about":[{"href":"https:\/\/popchamber.com.ar\/index.php?rest_route=\/wp\/v2\/types\/page"}],"author":[{"embeddable":true,"href":"https:\/\/popchamber.com.ar\/index.php?rest_route=\/wp\/v2\/users\/1"}],"replies":[{"embeddable":true,"href":"https:\/\/popchamber.com.ar\/index.php?rest_route=%2Fwp%2Fv2%2Fcomments&post=271"}],"version-history":[{"count":2,"href":"https:\/\/popchamber.com.ar\/index.php?rest_route=\/wp\/v2\/pages\/271\/revisions"}],"predecessor-version":[{"id":340,"href":"https:\/\/popchamber.com.ar\/index.php?rest_route=\/wp\/v2\/pages\/271\/revisions\/340"}],"wp:attachment":[{"href":"https:\/\/popchamber.com.ar\/index.php?rest_route=%2Fwp%2Fv2%2Fmedia&parent=271"}],"curies":[{"name":"wp","href":"https:\/\/api.w.org\/{rel}","templated":true}]}}