{"id":185,"date":"2016-08-31T14:48:08","date_gmt":"2016-08-31T14:48:08","guid":{"rendered":"http:\/\/popchamber.com.ar\/wp\/?page_id=185"},"modified":"2016-11-06T20:38:48","modified_gmt":"2016-11-06T20:38:48","slug":"quienes-somos-2","status":"publish","type":"page","link":"https:\/\/popchamber.com.ar\/?page_id=185&lang=es","title":{"rendered":"Quienes Somos"},"content":{"rendered":"<h2><strong>Quienes Somos<\/strong><\/h2>\n<p><strong><em><img loading=\"lazy\" decoding=\"async\" class=\" wp-image-228 alignright\" src=\"http:\/\/popchamber.com.ar\/wp\/wp-content\/uploads\/2016\/09\/maquinapopcorn-267x300.jpg\" alt=\"maquinapopcorn\" width=\"191\" height=\"215\" srcset=\"https:\/\/popchamber.com.ar\/wp\/wp-content\/uploads\/2016\/09\/maquinapopcorn-267x300.jpg 267w, https:\/\/popchamber.com.ar\/wp\/wp-content\/uploads\/2016\/09\/maquinapopcorn.jpg 512w\" sizes=\"auto, (max-width: 191px) 100vw, 191px\" \/><br \/>\n<\/em><em>La\u00a0C\u00c1MARA\u00a0DE PROCESADORES Y EXPORTADORES\u00a0DE\u00a0MA\u00cdZ\u00a0PISINGALLO (CAMPI)\u00a0es una entidad sin fines de lucro, integrada por empresas que se desenvuelven en el mercado argentino y tiene como principales objetivos:<\/em><\/strong><\/p>\n<p><em>a) Asumir y coordinar la protecci\u00f3n y defensa de los intereses generales en la actividad espec\u00edfica de sus asociados.<\/em><\/p>\n<p><em>b) Promover la producci\u00f3n, la calidad, incremento de volumen exportado y desarrollo de nuevos mercados, bajo normas \u00e9ticas y conducta en los negocios.<\/em><\/p>\n<p><em>c) Considerar las proyecciones del mercado e interesar a los Poderes P\u00fablicos correspondientes, a los fines de establecer las funciones de normalizaci\u00f3n, reglamentaci\u00f3n y control de esta actividad empresarial.<\/em><\/p>\n<p><em>d) Prestar la m\u00e1s amplia colaboraci\u00f3n a sus asociados sobre los diversos aspectos de su actuaci\u00f3n y velar por la mayor armon\u00eda en las relaciones empresarias.<\/em><\/p>\n<p><em>e) Efectuar la representaci\u00f3n ante las autoridades nacionales, provinciales y\/o municipales, defensa de intereses comunes, representaci\u00f3n ante el Ministerio de Trabajo de la Naci\u00f3n y\/o autoridades del trabajo provinciales, y\/o Comisi\u00f3n Nacional y\/o local de trabajo agrario, con facultades de negociar colectivamente y representar exclusivamente a las empresas y entidades adheridas. Intervenir por intermedio del organismo espec\u00edfico en las convenciones colectivas y reglamentaciones en general y en las de trabajo especial.<\/em><\/p>\n<p><em>f) Crear los \u00f3rganos y servicios necesarios para el mejor cumplimiento y consecuci\u00f3n de estos objetivos.<\/em><\/p>\n<p><em>g) Promover, organizar y desarrollar todas las actividades que sean conducentes a los efectos del desarrollo de la actividad, incluyendo asimismo la organizaci\u00f3n y prestaci\u00f3n de servicios de auditor\u00eda y capacitaci\u00f3n.<\/em><\/p>\n<hr \/>\n<p>&nbsp;<\/p>\n","protected":false},"excerpt":{"rendered":"<p>Quienes Somos La\u00a0C\u00c1MARA\u00a0DE PROCESADORES Y EXPORTADORES\u00a0DE\u00a0MA\u00cdZ\u00a0PISINGALLO (CAMPI)\u00a0es una entidad sin fines de lucro, integrada por empresas que se desenvuelven en el mercado argentino y tiene como principales objetivos: a) Asumir y coordinar la protecci\u00f3n y defensa de los intereses generales &hellip; <a href=\"https:\/\/popchamber.com.ar\/?page_id=185&#038;lang=es\">Sigue leyendo <span class=\"meta-nav\">&rarr;<\/span><\/a><\/p>\n","protected":false},"author":1,"featured_media":0,"parent":21,"menu_order":0,"comment_status":"closed","ping_status":"closed","template":"","meta":{"jetpack_post_was_ever_published":false,"footnotes":"","_links_to":"","_links_to_target":""},"class_list":["post-185","page","type-page","status-publish","hentry"],"jetpack_sharing_enabled":true,"jetpack_shortlink":"https:\/\/wp.me\/P7gBCh-2Z","_links":{"self":[{"href":"https:\/\/popchamber.com.ar\/index.php?rest_route=\/wp\/v2\/pages\/185","targetHints":{"allow":["GET"]}}],"collection":[{"href":"https:\/\/popchamber.com.ar\/index.php?rest_route=\/wp\/v2\/pages"}],"about":[{"href":"https:\/\/popchamber.com.ar\/index.php?rest_route=\/wp\/v2\/types\/page"}],"author":[{"embeddable":true,"href":"https:\/\/popchamber.com.ar\/index.php?rest_route=\/wp\/v2\/users\/1"}],"replies":[{"embeddable":true,"href":"https:\/\/popchamber.com.ar\/index.php?rest_route=%2Fwp%2Fv2%2Fcomments&post=185"}],"version-history":[{"count":18,"href":"https:\/\/popchamber.com.ar\/index.php?rest_route=\/wp\/v2\/pages\/185\/revisions"}],"predecessor-version":[{"id":435,"href":"https:\/\/popchamber.com.ar\/index.php?rest_route=\/wp\/v2\/pages\/185\/revisions\/435"}],"up":[{"embeddable":true,"href":"https:\/\/popchamber.com.ar\/index.php?rest_route=\/wp\/v2\/pages\/21"}],"wp:attachment":[{"href":"https:\/\/popchamber.com.ar\/index.php?rest_route=%2Fwp%2Fv2%2Fmedia&parent=185"}],"curies":[{"name":"wp","href":"https:\/\/api.w.org\/{rel}","templated":true}]}}