{"id":18,"date":"2016-02-15T22:47:59","date_gmt":"2016-02-15T22:47:59","guid":{"rendered":"http:\/\/popchamber.com.ar\/wp\/?page_id=18"},"modified":"2016-10-14T13:41:57","modified_gmt":"2016-10-14T13:41:57","slug":"links-de-interes","status":"publish","type":"page","link":"https:\/\/popchamber.com.ar\/?page_id=18&lang=es","title":{"rendered":"Links de Inter\u00e9s"},"content":{"rendered":"<h2><strong>Links de Inter\u00e9s<\/strong><\/h2>\n<ul>\n<li><a href=\"http:\/\/www.senasa.gov.ar\/cadena-vegetal\/cereales\/industria\/establecimientos\/exportacion-de-maiz-pisingallo\" target=\"_blank\">Exportaci\u00f3n Ma\u00edz Pisingallo \u00a0&#8211; SENASA<\/a><\/li>\n<\/ul>\n","protected":false},"excerpt":{"rendered":"<p>Links de Inter\u00e9s Exportaci\u00f3n Ma\u00edz Pisingallo \u00a0&#8211; SENASA<\/p>\n","protected":false},"author":1,"featured_media":0,"parent":21,"menu_order":0,"comment_status":"closed","ping_status":"closed","template":"","meta":{"jetpack_post_was_ever_published":false,"footnotes":"","_links_to":"","_links_to_target":""},"class_list":["post-18","page","type-page","status-publish","hentry"],"jetpack_sharing_enabled":true,"jetpack_shortlink":"https:\/\/wp.me\/P7gBCh-i","_links":{"self":[{"href":"https:\/\/popchamber.com.ar\/index.php?rest_route=\/wp\/v2\/pages\/18","targetHints":{"allow":["GET"]}}],"collection":[{"href":"https:\/\/popchamber.com.ar\/index.php?rest_route=\/wp\/v2\/pages"}],"about":[{"href":"https:\/\/popchamber.com.ar\/index.php?rest_route=\/wp\/v2\/types\/page"}],"author":[{"embeddable":true,"href":"https:\/\/popchamber.com.ar\/index.php?rest_route=\/wp\/v2\/users\/1"}],"replies":[{"embeddable":true,"href":"https:\/\/popchamber.com.ar\/index.php?rest_route=%2Fwp%2Fv2%2Fcomments&post=18"}],"version-history":[{"count":6,"href":"https:\/\/popchamber.com.ar\/index.php?rest_route=\/wp\/v2\/pages\/18\/revisions"}],"predecessor-version":[{"id":420,"href":"https:\/\/popchamber.com.ar\/index.php?rest_route=\/wp\/v2\/pages\/18\/revisions\/420"}],"up":[{"embeddable":true,"href":"https:\/\/popchamber.com.ar\/index.php?rest_route=\/wp\/v2\/pages\/21"}],"wp:attachment":[{"href":"https:\/\/popchamber.com.ar\/index.php?rest_route=%2Fwp%2Fv2%2Fmedia&parent=18"}],"curies":[{"name":"wp","href":"https:\/\/api.w.org\/{rel}","templated":true}]}}