{"id":140,"date":"2016-04-05T17:41:40","date_gmt":"2016-04-05T17:41:40","guid":{"rendered":"http:\/\/popchamber.com.ar\/wp\/?page_id=140"},"modified":"2026-02-25T17:46:57","modified_gmt":"2026-02-25T17:46:57","slug":"statistics","status":"publish","type":"page","link":"https:\/\/popchamber.com.ar\/?page_id=140&lang=en","title":{"rendered":"Statistics"},"content":{"rendered":"\n<table width=\"1117\">\n<tbody>\n<tr>\n<td colspan=\"8\" width=\"1117\">ARGENTINE POPCORN EXPORTS:<\/td>\n<\/tr>\n<tr>\n<td>\u00a0<\/td>\n<td width=\"118\">2025<\/td>\n<td width=\"118\">2024<\/td>\n<td width=\"118\">2023<\/td>\n<td width=\"118\">2022<\/td>\n<td width=\"118\">2021<\/td>\n<td width=\"118\">2020<\/td>\n<td width=\"118\">2019<\/td>\n<\/tr>\n<tr>\n<td>Destination:<\/td>\n<td>Tons<\/td>\n<td>Tons<\/td>\n<td>Tons<\/td>\n<td>Tons<\/td>\n<td>Tons<\/td>\n<td>Tons<\/td>\n<td>Tons<\/td>\n<\/tr>\n<tr>\n<td>\u00a0<\/td>\n<td>\u00a0<\/td>\n<td>\u00a0<\/td>\n<td>\u00a0<\/td>\n<td>\u00a0<\/td>\n<td>\u00a0<\/td>\n<td>\u00a0<\/td>\n<td>\u00a0<\/td>\n<\/tr>\n<tr>\n<td>Peru<\/td>\n<td>14.237<\/td>\n<td>14.075<\/td>\n<td>10.996<\/td>\n<td>8.927<\/td>\n<td>4.022<\/td>\n<td>12.941<\/td>\n<td>12.128<\/td>\n<\/tr>\n<tr>\n<td>Colombia<\/td>\n<td>12.611<\/td>\n<td>15.283<\/td>\n<td>11.630<\/td>\n<td>19.983<\/td>\n<td>13.967<\/td>\n<td>20.199<\/td>\n<td>20.731<\/td>\n<\/tr>\n<tr>\n<td>United Arab Emirates<\/td>\n<td>11.054<\/td>\n<td>12.429<\/td>\n<td>4.687<\/td>\n<td>12.944<\/td>\n<td>11.046<\/td>\n<td>5.687<\/td>\n<td>10.265<\/td>\n<\/tr>\n<tr>\n<td>Ecuador<\/td>\n<td>10.413<\/td>\n<td>9.083<\/td>\n<td>10.838<\/td>\n<td>8.965<\/td>\n<td>9.011<\/td>\n<td>12.125<\/td>\n<td>9.276<\/td>\n<\/tr>\n<tr>\n<td>Egypt<\/td>\n<td>7.758<\/td>\n<td>4.048<\/td>\n<td>6.065<\/td>\n<td>12.732<\/td>\n<td>20.251<\/td>\n<td>14.059<\/td>\n<td>8.266<\/td>\n<\/tr>\n<tr>\n<td>Philippines<\/td>\n<td>7.738<\/td>\n<td>12.342<\/td>\n<td>10.832<\/td>\n<td>14.110<\/td>\n<td>9.514<\/td>\n<td>7.406<\/td>\n<td>7.661<\/td>\n<\/tr>\n<tr>\n<td>Morocco<\/td>\n<td>7.256<\/td>\n<td>10.546<\/td>\n<td>9.228<\/td>\n<td>11.335<\/td>\n<td>9.979<\/td>\n<td>9.629<\/td>\n<td>6.618<\/td>\n<\/tr>\n<tr>\n<td>Saudi Arabia<\/td>\n<td>6.253<\/td>\n<td>5.371<\/td>\n<td>5.562<\/td>\n<td>6.909<\/td>\n<td>4.171<\/td>\n<td>5.560<\/td>\n<td>5.113<\/td>\n<\/tr>\n<tr>\n<td>Poland<\/td>\n<td>5.865<\/td>\n<td>6.353<\/td>\n<td>6.448<\/td>\n<td>7.104<\/td>\n<td>4.638<\/td>\n<td>4.170<\/td>\n<td>2.216<\/td>\n<\/tr>\n<tr>\n<td>Turkey<\/td>\n<td>5.637<\/td>\n<td>416<\/td>\n<td>2.238<\/td>\n<td>5.745<\/td>\n<td>1.456<\/td>\n<td>13.653<\/td>\n<td>3.910<\/td>\n<\/tr>\n<tr>\n<td>U.S.A.<\/td>\n<td>5.090<\/td>\n<td>3.959<\/td>\n<td>46<\/td>\n<td>1.545<\/td>\n<td>3.781<\/td>\n<td>6.735<\/td>\n<td>5.001<\/td>\n<\/tr>\n<tr>\n<td>Venezuela<\/td>\n<td>4.176<\/td>\n<td>7.412<\/td>\n<td>6.737<\/td>\n<td>5.486<\/td>\n<td>1.847<\/td>\n<td>4.988<\/td>\n<td>3.973<\/td>\n<\/tr>\n<tr>\n<td>Italy<\/td>\n<td>4.005<\/td>\n<td>4.682<\/td>\n<td>3.665<\/td>\n<td>3.730<\/td>\n<td>4.412<\/td>\n<td>5.476<\/td>\n<td>4.005<\/td>\n<\/tr>\n<tr>\n<td>Dominican Rep.<\/td>\n<td>3.890<\/td>\n<td>3.188<\/td>\n<td>4.116<\/td>\n<td>4.019<\/td>\n<td>3.482<\/td>\n<td>4.986<\/td>\n<td>6.074<\/td>\n<\/tr>\n<tr>\n<td>Nigeria<\/td>\n<td>3.515<\/td>\n<td>2.997<\/td>\n<td>846<\/td>\n<td>1.572<\/td>\n<td>590<\/td>\n<td>2.825<\/td>\n<td>7.839<\/td>\n<\/tr>\n<tr>\n<td>Chile<\/td>\n<td>3.344<\/td>\n<td>3.644<\/td>\n<td>3.526<\/td>\n<td>4.210<\/td>\n<td>2.323<\/td>\n<td>2.802<\/td>\n<td>2.466<\/td>\n<\/tr>\n<tr>\n<td>Indonesia<\/td>\n<td>3.247<\/td>\n<td>3.576<\/td>\n<td>4.006<\/td>\n<td>5.480<\/td>\n<td>4.863<\/td>\n<td>3.236<\/td>\n<td>2.797<\/td>\n<\/tr>\n<tr>\n<td>Angola<\/td>\n<td>2.932<\/td>\n<td>2.365<\/td>\n<td>1.963<\/td>\n<td>5.642<\/td>\n<td>4.721<\/td>\n<td>1.854<\/td>\n<td>5.152<\/td>\n<\/tr>\n<tr>\n<td>Denmark<\/td>\n<td>2.659<\/td>\n<td>3.695<\/td>\n<td>3.028<\/td>\n<td>3.284<\/td>\n<td>3.452<\/td>\n<td>3.282<\/td>\n<td>2.805<\/td>\n<\/tr>\n<tr>\n<td>United Kingdom<\/td>\n<td>2.582<\/td>\n<td>2.923<\/td>\n<td>2.977<\/td>\n<td>2.636<\/td>\n<td>3.389<\/td>\n<td>3.842<\/td>\n<td>2.980<\/td>\n<\/tr>\n<tr>\n<td>Zaire (Ex)<\/td>\n<td>2.526<\/td>\n<td>2.016<\/td>\n<td>1.210<\/td>\n<td>2.390<\/td>\n<td>1.130<\/td>\n<td>1.520<\/td>\n<td>1.294<\/td>\n<\/tr>\n<tr>\n<td>Yemen<\/td>\n<td>2.285<\/td>\n<td>3.546<\/td>\n<td>2.499<\/td>\n<td>1.845<\/td>\n<td>4.956<\/td>\n<td>4.281<\/td>\n<td>4.054<\/td>\n<\/tr>\n<tr>\n<td>Argelia<\/td>\n<td>2.084<\/td>\n<td>3.603<\/td>\n<td>3.742<\/td>\n<td>2.382<\/td>\n<td>4.706<\/td>\n<td>7.419<\/td>\n<td>5.850<\/td>\n<\/tr>\n<tr>\n<td>Ghana<\/td>\n<td>2.029<\/td>\n<td>2.139<\/td>\n<td>2.189<\/td>\n<td>2.287<\/td>\n<td>4.883<\/td>\n<td>3.611<\/td>\n<td>3.456<\/td>\n<\/tr>\n<tr>\n<td>Guinea<\/td>\n<td>1.734<\/td>\n<td>1.135<\/td>\n<td>932<\/td>\n<td>646<\/td>\n<td>906<\/td>\n<td>1.291<\/td>\n<td>1.419<\/td>\n<\/tr>\n<tr>\n<td>Liberia<\/td>\n<td>1.558<\/td>\n<td>1.506<\/td>\n<td>1.194<\/td>\n<td>597<\/td>\n<td>1.038<\/td>\n<td>879<\/td>\n<td>803<\/td>\n<\/tr>\n<tr>\n<td>Honduras<\/td>\n<td>1.555<\/td>\n<td>1.288<\/td>\n<td>1.262<\/td>\n<td>904<\/td>\n<td>925<\/td>\n<td>1.005<\/td>\n<td>1.309<\/td>\n<\/tr>\n<tr>\n<td>India<\/td>\n<td>1.489<\/td>\n<td>52<\/td>\n<td>432<\/td>\n<td>2.962<\/td>\n<td>2.471<\/td>\n<td>3.650<\/td>\n<td>5.737<\/td>\n<\/tr>\n<tr>\n<td>Benin<\/td>\n<td>1.480<\/td>\n<td>599<\/td>\n<td>605<\/td>\n<td>3.167<\/td>\n<td>2.381<\/td>\n<td>570<\/td>\n<td>804<\/td>\n<\/tr>\n<tr>\n<td>N\u00edger<\/td>\n<td>1.388<\/td>\n<td>336<\/td>\n<td>258<\/td>\n<td>632<\/td>\n<td>569<\/td>\n<td>414<\/td>\n<td>229<\/td>\n<\/tr>\n<tr>\n<td>Djibouti<\/td>\n<td>1.343<\/td>\n<td>2.718<\/td>\n<td>1.086<\/td>\n<td>2.744<\/td>\n<td>1.990<\/td>\n<td>4.797<\/td>\n<td>6.196<\/td>\n<\/tr>\n<tr>\n<td>Iran<\/td>\n<td>1.300<\/td>\n<td>0<\/td>\n<td>0<\/td>\n<td>0<\/td>\n<td>520<\/td>\n<td>0<\/td>\n<td>0<\/td>\n<\/tr>\n<tr>\n<td>Jordan<\/td>\n<td>1.288<\/td>\n<td>1.187<\/td>\n<td>1.443<\/td>\n<td>4.013<\/td>\n<td>1.485<\/td>\n<td>1.509<\/td>\n<td>2.667<\/td>\n<\/tr>\n<tr>\n<td>Spain<\/td>\n<td>1.226<\/td>\n<td>1.523<\/td>\n<td>2.042<\/td>\n<td>1.136<\/td>\n<td>1.322<\/td>\n<td>3.509<\/td>\n<td>2.847<\/td>\n<\/tr>\n<tr>\n<td>Syria<\/td>\n<td>1.170<\/td>\n<td>0<\/td>\n<td>0<\/td>\n<td>0<\/td>\n<td>0<\/td>\n<td>5.482<\/td>\n<td>2.265<\/td>\n<\/tr>\n<tr>\n<td>Sierra Leone<\/td>\n<td>1.117<\/td>\n<td>546<\/td>\n<td>390<\/td>\n<td>468<\/td>\n<td>858<\/td>\n<td>468<\/td>\n<td>286<\/td>\n<\/tr>\n<tr>\n<td>Paraguay<\/td>\n<td>1.116<\/td>\n<td>783<\/td>\n<td>1.064<\/td>\n<td>1.240<\/td>\n<td>828<\/td>\n<td>167<\/td>\n<td>197<\/td>\n<\/tr>\n<tr>\n<td>Lebanon<\/td>\n<td>1.071<\/td>\n<td>1.030<\/td>\n<td>1.007<\/td>\n<td>2.139<\/td>\n<td>1.258<\/td>\n<td>2.689<\/td>\n<td>1.159<\/td>\n<\/tr>\n<tr>\n<td>Greece<\/td>\n<td>898<\/td>\n<td>1.224<\/td>\n<td>1.242<\/td>\n<td>1.177<\/td>\n<td>1.244<\/td>\n<td>2.472<\/td>\n<td>1.094<\/td>\n<\/tr>\n<tr>\n<td>Netherlands<\/td>\n<td>869<\/td>\n<td>1.041<\/td>\n<td>806<\/td>\n<td>534<\/td>\n<td>1.167<\/td>\n<td>1.626<\/td>\n<td>2.083<\/td>\n<\/tr>\n<tr>\n<td>Mali<\/td>\n<td>830<\/td>\n<td>1.558<\/td>\n<td>182<\/td>\n<td>493<\/td>\n<td>675<\/td>\n<td>1.026<\/td>\n<td>830<\/td>\n<\/tr>\n<tr>\n<td>Congo<\/td>\n<td>825<\/td>\n<td>745<\/td>\n<td>182<\/td>\n<td>750<\/td>\n<td>620<\/td>\n<td>324<\/td>\n<td>414<\/td>\n<\/tr>\n<tr>\n<td>Togo<\/td>\n<td>823<\/td>\n<td>1.116<\/td>\n<td>763<\/td>\n<td>100<\/td>\n<td>182<\/td>\n<td>232<\/td>\n<td>336<\/td>\n<\/tr>\n<tr>\n<td>Brazil<\/td>\n<td>820<\/td>\n<td>647<\/td>\n<td>526<\/td>\n<td>11.472<\/td>\n<td>9.513<\/td>\n<td>518<\/td>\n<td>594<\/td>\n<\/tr>\n<tr>\n<td>Bolivia<\/td>\n<td>790<\/td>\n<td>558<\/td>\n<td>521<\/td>\n<td>1.199<\/td>\n<td>3.899<\/td>\n<td>3.614<\/td>\n<td>2.722<\/td>\n<\/tr>\n<tr>\n<td>Costa Rica<\/td>\n<td>697<\/td>\n<td>616<\/td>\n<td>372<\/td>\n<td>455<\/td>\n<td>545<\/td>\n<td>519<\/td>\n<td>1.092<\/td>\n<\/tr>\n<tr>\n<td>Cameroon<\/td>\n<td>648<\/td>\n<td>1.703<\/td>\n<td>1.308<\/td>\n<td>1.203<\/td>\n<td>1.816<\/td>\n<td>1.269<\/td>\n<td>881<\/td>\n<\/tr>\n<tr>\n<td>Uruguay<\/td>\n<td>639<\/td>\n<td>619<\/td>\n<td>661<\/td>\n<td>592<\/td>\n<td>499<\/td>\n<td>548<\/td>\n<td>657<\/td>\n<\/tr>\n<tr>\n<td>Kuwait<\/td>\n<td>622<\/td>\n<td>467<\/td>\n<td>539<\/td>\n<td>596<\/td>\n<td>450<\/td>\n<td>653<\/td>\n<td>615<\/td>\n<\/tr>\n<tr>\n<td>Portugal<\/td>\n<td>598<\/td>\n<td>254<\/td>\n<td>311<\/td>\n<td>467<\/td>\n<td>355<\/td>\n<td>207<\/td>\n<td>260<\/td>\n<\/tr>\n<tr>\n<td>Guatemala<\/td>\n<td>592<\/td>\n<td>621<\/td>\n<td>692<\/td>\n<td>1.030<\/td>\n<td>225<\/td>\n<td>428<\/td>\n<td>882<\/td>\n<\/tr>\n<tr>\n<td>Senegal<\/td>\n<td>574<\/td>\n<td>648<\/td>\n<td>371<\/td>\n<td>190<\/td>\n<td>194<\/td>\n<td>376<\/td>\n<td>318<\/td>\n<\/tr>\n<tr>\n<td>Oman<\/td>\n<td>570<\/td>\n<td>390<\/td>\n<td>491<\/td>\n<td>337<\/td>\n<td>492<\/td>\n<td>1.325<\/td>\n<td>908<\/td>\n<\/tr>\n<tr>\n<td>Kenya<\/td>\n<td>570<\/td>\n<td>363<\/td>\n<td>52<\/td>\n<td>676<\/td>\n<td>104<\/td>\n<td>490<\/td>\n<td>690<\/td>\n<\/tr>\n<tr>\n<td>Ivory Coast<\/td>\n<td>567<\/td>\n<td>1.841<\/td>\n<td>706<\/td>\n<td>486<\/td>\n<td>129<\/td>\n<td>0<\/td>\n<td>200<\/td>\n<\/tr>\n<tr>\n<td>Macedonia<\/td>\n<td>517<\/td>\n<td>639<\/td>\n<td>668<\/td>\n<td>555<\/td>\n<td>737<\/td>\n<td>688<\/td>\n<td>764<\/td>\n<\/tr>\n<tr>\n<td>Gabon<\/td>\n<td>513<\/td>\n<td>671<\/td>\n<td>362<\/td>\n<td>440<\/td>\n<td>622<\/td>\n<td>440<\/td>\n<td>364<\/td>\n<\/tr>\n<tr>\n<td>France<\/td>\n<td>500<\/td>\n<td>627<\/td>\n<td>760<\/td>\n<td>238<\/td>\n<td>99<\/td>\n<td>549<\/td>\n<td>485<\/td>\n<\/tr>\n<tr>\n<td>Taiwan<\/td>\n<td>495<\/td>\n<td>871<\/td>\n<td>518<\/td>\n<td>575<\/td>\n<td>404<\/td>\n<td>393<\/td>\n<td>626<\/td>\n<\/tr>\n<tr>\n<td>Nepal<\/td>\n<td>494<\/td>\n<td>15.751<\/td>\n<td>4.356<\/td>\n<td>1.239<\/td>\n<td>12.628<\/td>\n<td>6.042<\/td>\n<td>3.679<\/td>\n<\/tr>\n<tr>\n<td>Tunisia<\/td>\n<td>468<\/td>\n<td>675<\/td>\n<td>699<\/td>\n<td>1.867<\/td>\n<td>2.137<\/td>\n<td>2.788<\/td>\n<td>2.535<\/td>\n<\/tr>\n<tr>\n<td>Croatia<\/td>\n<td>468<\/td>\n<td>598<\/td>\n<td>597<\/td>\n<td>623<\/td>\n<td>438<\/td>\n<td>364<\/td>\n<td>390<\/td>\n<\/tr>\n<tr>\n<td>Nicaragua<\/td>\n<td>441<\/td>\n<td>183<\/td>\n<td>379<\/td>\n<td>362<\/td>\n<td>385<\/td>\n<td>260<\/td>\n<td>381<\/td>\n<\/tr>\n<tr>\n<td>El Salvador<\/td>\n<td>428<\/td>\n<td>307<\/td>\n<td>253<\/td>\n<td>481<\/td>\n<td>715<\/td>\n<td>564<\/td>\n<td>935<\/td>\n<\/tr>\n<tr>\n<td>Mozambique<\/td>\n<td>416<\/td>\n<td>208<\/td>\n<td>0<\/td>\n<td>0<\/td>\n<td>0<\/td>\n<td>0<\/td>\n<td>0<\/td>\n<\/tr>\n<tr>\n<td>Libya<\/td>\n<td>390<\/td>\n<td>286<\/td>\n<td>1.066<\/td>\n<td>1.612<\/td>\n<td>1.183<\/td>\n<td>1.970<\/td>\n<td>1.347<\/td>\n<\/tr>\n<tr>\n<td>Gambia<\/td>\n<td>389<\/td>\n<td>145<\/td>\n<td>0<\/td>\n<td>0<\/td>\n<td>312<\/td>\n<td>260<\/td>\n<td>595<\/td>\n<\/tr>\n<tr>\n<td>Czech Republic<\/td>\n<td>380<\/td>\n<td>987<\/td>\n<td>708<\/td>\n<td>122<\/td>\n<td>385<\/td>\n<td>325<\/td>\n<td>397<\/td>\n<\/tr>\n<tr>\n<td>Bulgaria<\/td>\n<td>376<\/td>\n<td>638<\/td>\n<td>1.914<\/td>\n<td>2.126<\/td>\n<td>866<\/td>\n<td>2.524<\/td>\n<td>1.124<\/td>\n<\/tr>\n<tr>\n<td>Bosnia Herzegovina<\/td>\n<td>366<\/td>\n<td>362<\/td>\n<td>310<\/td>\n<td>411<\/td>\n<td>231<\/td>\n<td>383<\/td>\n<td>179<\/td>\n<\/tr>\n<tr>\n<td>Romania<\/td>\n<td>363<\/td>\n<td>777<\/td>\n<td>490<\/td>\n<td>362<\/td>\n<td>489<\/td>\n<td>257<\/td>\n<td>543<\/td>\n<\/tr>\n<tr>\n<td>Australia<\/td>\n<td>315<\/td>\n<td>212<\/td>\n<td>135<\/td>\n<td>456<\/td>\n<td>563<\/td>\n<td>386<\/td>\n<td>434<\/td>\n<\/tr>\n<tr>\n<td>New Zeland<\/td>\n<td>310<\/td>\n<td>107<\/td>\n<td>0<\/td>\n<td>0<\/td>\n<td>0<\/td>\n<td>0<\/td>\n<td>25<\/td>\n<\/tr>\n<tr>\n<td>Norway<\/td>\n<td>304<\/td>\n<td>202<\/td>\n<td>304<\/td>\n<td>80<\/td>\n<td>136<\/td>\n<td>354<\/td>\n<td>380<\/td>\n<\/tr>\n<tr>\n<td>Albania<\/td>\n<td>286<\/td>\n<td>212<\/td>\n<td>232<\/td>\n<td>208<\/td>\n<td>234<\/td>\n<td>436<\/td>\n<td>414<\/td>\n<\/tr>\n<tr>\n<td>Belgium<\/td>\n<td>281<\/td>\n<td>331<\/td>\n<td>587<\/td>\n<td>604<\/td>\n<td>351<\/td>\n<td>120<\/td>\n<td>361<\/td>\n<\/tr>\n<tr>\n<td>Cyprus<\/td>\n<td>259<\/td>\n<td>180<\/td>\n<td>129<\/td>\n<td>258<\/td>\n<td>232<\/td>\n<td>257<\/td>\n<td>363<\/td>\n<\/tr>\n<tr>\n<td>Salomon Islands<\/td>\n<td>258<\/td>\n<td>104<\/td>\n<td>312<\/td>\n<td>234<\/td>\n<td>234<\/td>\n<td>208<\/td>\n<td>234<\/td>\n<\/tr>\n<tr>\n<td>Malaysia<\/td>\n<td>244<\/td>\n<td>285<\/td>\n<td>219<\/td>\n<td>762<\/td>\n<td>594<\/td>\n<td>414<\/td>\n<td>224<\/td>\n<\/tr>\n<tr>\n<td>Qatar<\/td>\n<td>234<\/td>\n<td>130<\/td>\n<td>52<\/td>\n<td>26<\/td>\n<td>220<\/td>\n<td>499<\/td>\n<td>337<\/td>\n<\/tr>\n<tr>\n<td>Panama<\/td>\n<td>228<\/td>\n<td>254<\/td>\n<td>254<\/td>\n<td>114<\/td>\n<td>145<\/td>\n<td>324<\/td>\n<td>431<\/td>\n<\/tr>\n<tr>\n<td>Bahrain<\/td>\n<td>204<\/td>\n<td>234<\/td>\n<td>128<\/td>\n<td>234<\/td>\n<td>129<\/td>\n<td>327<\/td>\n<td>350<\/td>\n<\/tr>\n<tr>\n<td>Burkina Faso<\/td>\n<td>155<\/td>\n<td>828<\/td>\n<td>103<\/td>\n<td>152<\/td>\n<td>411<\/td>\n<td>129<\/td>\n<td>259<\/td>\n<\/tr>\n<tr>\n<td>Georgia<\/td>\n<td>130<\/td>\n<td>26<\/td>\n<td>156<\/td>\n<td>52<\/td>\n<td>208<\/td>\n<td>360<\/td>\n<td>283<\/td>\n<\/tr>\n<tr>\n<td>Tanzania<\/td>\n<td>130<\/td>\n<td>720<\/td>\n<td>232<\/td>\n<td>493<\/td>\n<td>621<\/td>\n<td>624<\/td>\n<td>595<\/td>\n<\/tr>\n<tr>\n<td>Japan<\/td>\n<td>125<\/td>\n<td>172<\/td>\n<td>0<\/td>\n<td>42<\/td>\n<td>0<\/td>\n<td>42<\/td>\n<td>43<\/td>\n<\/tr>\n<tr>\n<td>Mexico<\/td>\n<td>104<\/td>\n<td>1.105<\/td>\n<td>1.865<\/td>\n<td>1.682<\/td>\n<td>286<\/td>\n<td>1.658<\/td>\n<td>3.187<\/td>\n<\/tr>\n<tr>\n<td>Suriname<\/td>\n<td>94<\/td>\n<td>22<\/td>\n<td>52<\/td>\n<td>52<\/td>\n<td>88<\/td>\n<td>26<\/td>\n<td>77<\/td>\n<\/tr>\n<tr>\n<td>Ecuatorial Guinea<\/td>\n<td>78<\/td>\n<td>25<\/td>\n<td>153<\/td>\n<td>51<\/td>\n<td>0<\/td>\n<td>0<\/td>\n<td>0<\/td>\n<\/tr>\n<tr>\n<td>Ireland<\/td>\n<td>77<\/td>\n<td>185<\/td>\n<td>444<\/td>\n<td>102<\/td>\n<td>25<\/td>\n<td>52<\/td>\n<td>315<\/td>\n<\/tr>\n<tr>\n<td>Trinidad &amp; Tobago<\/td>\n<td>73<\/td>\n<td>201<\/td>\n<td>77<\/td>\n<td>104<\/td>\n<td>156<\/td>\n<td>311<\/td>\n<td>340<\/td>\n<\/tr>\n<tr>\n<td>Somalia<\/td>\n<td>52<\/td>\n<td>260<\/td>\n<td>78<\/td>\n<td>0<\/td>\n<td>156<\/td>\n<td>130<\/td>\n<td>0<\/td>\n<\/tr>\n<tr>\n<td>Mauritania<\/td>\n<td>52<\/td>\n<td>78<\/td>\n<td>0<\/td>\n<td>26<\/td>\n<td>52<\/td>\n<td>26<\/td>\n<td>52<\/td>\n<\/tr>\n<tr>\n<td>Oriental Timor<\/td>\n<td>51<\/td>\n<td>0<\/td>\n<td>0<\/td>\n<td>0<\/td>\n<td>0<\/td>\n<td>0<\/td>\n<td>0<\/td>\n<\/tr>\n<tr>\n<td>Vietnam<\/td>\n<td>38<\/td>\n<td>162<\/td>\n<td>78<\/td>\n<td>51<\/td>\n<td>481<\/td>\n<td>282<\/td>\n<td>423<\/td>\n<\/tr>\n<tr>\n<td>Lithuania<\/td>\n<td>26<\/td>\n<td>26<\/td>\n<td>52<\/td>\n<td>52<\/td>\n<td>52<\/td>\n<td>77<\/td>\n<td>129<\/td>\n<\/tr>\n<tr>\n<td>Cabo Verde Islands<\/td>\n<td>26<\/td>\n<td>26<\/td>\n<td>26<\/td>\n<td>0<\/td>\n<td>0<\/td>\n<td>0<\/td>\n<td>78<\/td>\n<\/tr>\n<tr>\n<td>Jamaica<\/td>\n<td>26<\/td>\n<td>26<\/td>\n<td>0<\/td>\n<td>0<\/td>\n<td>0<\/td>\n<td>0<\/td>\n<td>0<\/td>\n<\/tr>\n<tr>\n<td>Latvia<\/td>\n<td>26<\/td>\n<td>0<\/td>\n<td>0<\/td>\n<td>26<\/td>\n<td>5<\/td>\n<td>1<\/td>\n<td>26<\/td>\n<\/tr>\n<tr>\n<td>Sweeden<\/td>\n<td>26<\/td>\n<td>0<\/td>\n<td>0<\/td>\n<td>0<\/td>\n<td>0<\/td>\n<td>0<\/td>\n<td>26<\/td>\n<\/tr>\n<tr>\n<td>Botswana<\/td>\n<td>26<\/td>\n<td>0<\/td>\n<td>0<\/td>\n<td>0<\/td>\n<td>0<\/td>\n<td>0<\/td>\n<td>0<\/td>\n<\/tr>\n<tr>\n<td>Central African Rep.<\/td>\n<td>25<\/td>\n<td>0<\/td>\n<td>0<\/td>\n<td>0<\/td>\n<td>0<\/td>\n<td>0<\/td>\n<td>52<\/td>\n<\/tr>\n<tr>\n<td>Israel<\/td>\n<td>25<\/td>\n<td>52<\/td>\n<td>574<\/td>\n<td>255<\/td>\n<td>0<\/td>\n<td>0<\/td>\n<td>24<\/td>\n<\/tr>\n<tr>\n<td>Spanish Territories<\/td>\n<td>25<\/td>\n<td>0<\/td>\n<td>0<\/td>\n<td>0<\/td>\n<td>0<\/td>\n<td>0<\/td>\n<td>0<\/td>\n<\/tr>\n<tr>\n<td>Germany<\/td>\n<td>25<\/td>\n<td>96<\/td>\n<td>392<\/td>\n<td>3.017<\/td>\n<td>70<\/td>\n<td>100<\/td>\n<td>68<\/td>\n<\/tr>\n<tr>\n<td>S\u00e3o Tom\u00e9 and Pr\u00edncipe<\/td>\n<td>12<\/td>\n<td>0<\/td>\n<td>0<\/td>\n<td>0<\/td>\n<td>0<\/td>\n<td>0<\/td>\n<td>0<\/td>\n<\/tr>\n<tr>\n<td>Canada<\/td>\n<td>5<\/td>\n<td>6<\/td>\n<td>0<\/td>\n<td>70<\/td>\n<td>45<\/td>\n<td>72<\/td>\n<td>247<\/td>\n<\/tr>\n<tr>\n<td>Cuba<\/td>\n<td>1<\/td>\n<td>2<\/td>\n<td>0<\/td>\n<td>0<\/td>\n<td>0<\/td>\n<td>0<\/td>\n<td>0<\/td>\n<\/tr>\n<tr>\n<td>Serbia<\/td>\n<td>0<\/td>\n<td>313<\/td>\n<td>51<\/td>\n<td>0<\/td>\n<td>0<\/td>\n<td>48<\/td>\n<td>0<\/td>\n<\/tr>\n<tr>\n<td>Papua New Guinee<\/td>\n<td>0<\/td>\n<td>260<\/td>\n<td>624<\/td>\n<td>234<\/td>\n<td>494<\/td>\n<td>312<\/td>\n<td>104<\/td>\n<\/tr>\n<tr>\n<td>South Africa<\/td>\n<td>0<\/td>\n<td>52<\/td>\n<td>0<\/td>\n<td>0<\/td>\n<td>0<\/td>\n<td>0<\/td>\n<td>0<\/td>\n<\/tr>\n<tr>\n<td>Irak<\/td>\n<td>0<\/td>\n<td>51<\/td>\n<td>0<\/td>\n<td>0<\/td>\n<td>0<\/td>\n<td>182<\/td>\n<td>312<\/td>\n<\/tr>\n<tr>\n<td>Singapore<\/td>\n<td>0<\/td>\n<td>26<\/td>\n<td>0<\/td>\n<td>25<\/td>\n<td>0<\/td>\n<td>0<\/td>\n<td>0<\/td>\n<\/tr>\n<tr>\n<td>Comoras<\/td>\n<td>0<\/td>\n<td>26<\/td>\n<td>0<\/td>\n<td>0<\/td>\n<td>52<\/td>\n<td>0<\/td>\n<td>0<\/td>\n<\/tr>\n<tr>\n<td>Mauritius Island<\/td>\n<td>0<\/td>\n<td>25<\/td>\n<td>0<\/td>\n<td>0<\/td>\n<td>0<\/td>\n<td>26<\/td>\n<td>0<\/td>\n<\/tr>\n<tr>\n<td>Hungary<\/td>\n<td>0<\/td>\n<td>0<\/td>\n<td>2.628<\/td>\n<td>2.087<\/td>\n<td>51<\/td>\n<td>0<\/td>\n<td>0<\/td>\n<\/tr>\n<tr>\n<td>Thailand<\/td>\n<td>0<\/td>\n<td>0<\/td>\n<td>328<\/td>\n<td>844<\/td>\n<td>412<\/td>\n<td>75<\/td>\n<td>150<\/td>\n<\/tr>\n<tr>\n<td>Fiji Islands<\/td>\n<td>0<\/td>\n<td>0<\/td>\n<td>25<\/td>\n<td>25<\/td>\n<td>51<\/td>\n<td>25<\/td>\n<td>25<\/td>\n<\/tr>\n<tr>\n<td>Malta<\/td>\n<td>0<\/td>\n<td>0<\/td>\n<td>14<\/td>\n<td>0<\/td>\n<td>0<\/td>\n<td>0<\/td>\n<td>0<\/td>\n<\/tr>\n<tr>\n<td>Ethiopia<\/td>\n<td>0<\/td>\n<td>0<\/td>\n<td>0<\/td>\n<td>868<\/td>\n<td>0<\/td>\n<td>714<\/td>\n<td>1.814<\/td>\n<\/tr>\n<tr>\n<td>China<\/td>\n<td>0<\/td>\n<td>0<\/td>\n<td>0<\/td>\n<td>660<\/td>\n<td>732<\/td>\n<td>51<\/td>\n<td>0<\/td>\n<\/tr>\n<tr>\n<td>Moldova<\/td>\n<td>0<\/td>\n<td>0<\/td>\n<td>0<\/td>\n<td>25<\/td>\n<td>0<\/td>\n<td>0<\/td>\n<td>5<\/td>\n<\/tr>\n<tr>\n<td>Azerbaijan<\/td>\n<td>0<\/td>\n<td>0<\/td>\n<td>0<\/td>\n<td>0<\/td>\n<td>273<\/td>\n<td>719<\/td>\n<td>135<\/td>\n<\/tr>\n<tr>\n<td>Montenegro<\/td>\n<td>0<\/td>\n<td>0<\/td>\n<td>0<\/td>\n<td>0<\/td>\n<td>104<\/td>\n<td>0<\/td>\n<td>156<\/td>\n<\/tr>\n<tr>\n<td>Barbados<\/td>\n<td>0<\/td>\n<td>0<\/td>\n<td>0<\/td>\n<td>0<\/td>\n<td>26<\/td>\n<td>0<\/td>\n<td>0<\/td>\n<\/tr>\n<tr>\n<td>Bangladesh<\/td>\n<td>0<\/td>\n<td>0<\/td>\n<td>0<\/td>\n<td>0<\/td>\n<td>0<\/td>\n<td>175<\/td>\n<td>0<\/td>\n<\/tr>\n<tr>\n<td>Sudan<\/td>\n<td>0<\/td>\n<td>0<\/td>\n<td>0<\/td>\n<td>0<\/td>\n<td>0<\/td>\n<td>52<\/td>\n<td>0<\/td>\n<\/tr>\n<tr>\n<td>Ukraine<\/td>\n<td>0<\/td>\n<td>0<\/td>\n<td>0<\/td>\n<td>0<\/td>\n<td>0<\/td>\n<td>26<\/td>\n<td>26<\/td>\n<\/tr>\n<tr>\n<td>Slovenia<\/td>\n<td>0<\/td>\n<td>0<\/td>\n<td>0<\/td>\n<td>0<\/td>\n<td>0<\/td>\n<td>25<\/td>\n<td>0<\/td>\n<\/tr>\n<tr>\n<td>Pakistan<\/td>\n<td>0<\/td>\n<td>0<\/td>\n<td>0<\/td>\n<td>0<\/td>\n<td>0<\/td>\n<td>0<\/td>\n<td>130<\/td>\n<\/tr>\n<tr>\n<td>Armenia<\/td>\n<td>0<\/td>\n<td>0<\/td>\n<td>0<\/td>\n<td>0<\/td>\n<td>0<\/td>\n<td>0<\/td>\n<td>104<\/td>\n<\/tr>\n<tr>\n<td>Afhganistan<\/td>\n<td>0<\/td>\n<td>0<\/td>\n<td>0<\/td>\n<td>0<\/td>\n<td>0<\/td>\n<td>0<\/td>\n<td>0<\/td>\n<\/tr>\n<tr>\n<td>Slovaquia<\/td>\n<td>0<\/td>\n<td>0<\/td>\n<td>0<\/td>\n<td>0<\/td>\n<td>0<\/td>\n<td>0<\/td>\n<td>0<\/td>\n<\/tr>\n<tr>\n<td>\u00a0<\/td>\n<td>\u00a0<\/td>\n<td>\u00a0<\/td>\n<td>\u00a0<\/td>\n<td>\u00a0<\/td>\n<td>\u00a0<\/td>\n<td>\u00a0<\/td>\n<td>\u00a0<\/td>\n<\/tr>\n<tr>\n<td>TOTALS<\/td>\n<td>175.313<\/td>\n<td>197.549<\/td>\n<td>163.895<\/td>\n<td>222.648<\/td>\n<td>204.565<\/td>\n<td>231.792<\/td>\n<td>211.499<\/td>\n<\/tr>\n<\/tbody>\n<\/table>\n","protected":false},"excerpt":{"rendered":"<p>ARGENTINE POPCORN EXPORTS: \u00a0 2025 2024 2023 2022 2021 2020 2019 Destination: Tons Tons Tons Tons Tons Tons Tons \u00a0 \u00a0 \u00a0 \u00a0 \u00a0 \u00a0 \u00a0 \u00a0 Peru 14.237 14.075 10.996 8.927 4.022 12.941 12.128 Colombia 12.611 15.283 11.630 19.983 &hellip; <a href=\"https:\/\/popchamber.com.ar\/?page_id=140&#038;lang=en\">Sigue leyendo <span class=\"meta-nav\">&rarr;<\/span><\/a><\/p>\n","protected":false},"author":1,"featured_media":0,"parent":137,"menu_order":0,"comment_status":"closed","ping_status":"closed","template":"","meta":{"jetpack_post_was_ever_published":false,"footnotes":"","_links_to":"","_links_to_target":""},"class_list":["post-140","page","type-page","status-publish","hentry"],"jetpack_sharing_enabled":true,"jetpack_shortlink":"https:\/\/wp.me\/P7gBCh-2g","_links":{"self":[{"href":"https:\/\/popchamber.com.ar\/index.php?rest_route=\/wp\/v2\/pages\/140","targetHints":{"allow":["GET"]}}],"collection":[{"href":"https:\/\/popchamber.com.ar\/index.php?rest_route=\/wp\/v2\/pages"}],"about":[{"href":"https:\/\/popchamber.com.ar\/index.php?rest_route=\/wp\/v2\/types\/page"}],"author":[{"embeddable":true,"href":"https:\/\/popchamber.com.ar\/index.php?rest_route=\/wp\/v2\/users\/1"}],"replies":[{"embeddable":true,"href":"https:\/\/popchamber.com.ar\/index.php?rest_route=%2Fwp%2Fv2%2Fcomments&post=140"}],"version-history":[{"count":11,"href":"https:\/\/popchamber.com.ar\/index.php?rest_route=\/wp\/v2\/pages\/140\/revisions"}],"predecessor-version":[{"id":16931,"href":"https:\/\/popchamber.com.ar\/index.php?rest_route=\/wp\/v2\/pages\/140\/revisions\/16931"}],"up":[{"embeddable":true,"href":"https:\/\/popchamber.com.ar\/index.php?rest_route=\/wp\/v2\/pages\/137"}],"wp:attachment":[{"href":"https:\/\/popchamber.com.ar\/index.php?rest_route=%2Fwp%2Fv2%2Fmedia&parent=140"}],"curies":[{"name":"wp","href":"https:\/\/api.w.org\/{rel}","templated":true}]}}