{"id":13,"date":"2016-02-15T22:43:23","date_gmt":"2016-02-15T22:43:23","guid":{"rendered":"http:\/\/popchamber.com.ar\/wp\/?page_id=13"},"modified":"2025-04-29T19:11:03","modified_gmt":"2025-04-29T19:11:03","slug":"autoridades","status":"publish","type":"page","link":"https:\/\/popchamber.com.ar\/?page_id=13&lang=es","title":{"rendered":"Autoridades"},"content":{"rendered":"<h2><strong>Comisi\u00f3n Directiva<\/strong><\/h2>\n<ul>\n<li>Presidente: Jos\u00e9 E. Maranessi<\/li>\n<li>Vicepresidente: Sergio Casas<\/li>\n<li>Secretario: Felipe Uranga<\/li>\n<li>Tesorero: Carlos Tovagliari<\/li>\n<li>Vocal Titular: Germ\u00e1n Longobardi<\/li>\n<li>Vocal Suplente: Emanuel Marchionni<\/li>\n<li>Revisor de Cuentas Titular: Agust\u00edn Pereda<\/li>\n<li>Revisor de Cuentas Suplente: Esteban Martin<\/li>\n<\/ul>\n","protected":false},"excerpt":{"rendered":"<p>Comisi\u00f3n Directiva Presidente: Jos\u00e9 E. Maranessi Vicepresidente: Sergio Casas Secretario: Felipe Uranga Tesorero: Carlos Tovagliari Vocal Titular: Germ\u00e1n Longobardi Vocal Suplente: Emanuel Marchionni Revisor de Cuentas Titular: Agust\u00edn Pereda Revisor de Cuentas Suplente: Esteban Martin<\/p>\n","protected":false},"author":1,"featured_media":0,"parent":21,"menu_order":0,"comment_status":"closed","ping_status":"closed","template":"","meta":{"jetpack_post_was_ever_published":false,"footnotes":"","_links_to":"","_links_to_target":""},"class_list":["post-13","page","type-page","status-publish","hentry"],"jetpack_sharing_enabled":true,"jetpack_shortlink":"https:\/\/wp.me\/P7gBCh-d","_links":{"self":[{"href":"https:\/\/popchamber.com.ar\/index.php?rest_route=\/wp\/v2\/pages\/13","targetHints":{"allow":["GET"]}}],"collection":[{"href":"https:\/\/popchamber.com.ar\/index.php?rest_route=\/wp\/v2\/pages"}],"about":[{"href":"https:\/\/popchamber.com.ar\/index.php?rest_route=\/wp\/v2\/types\/page"}],"author":[{"embeddable":true,"href":"https:\/\/popchamber.com.ar\/index.php?rest_route=\/wp\/v2\/users\/1"}],"replies":[{"embeddable":true,"href":"https:\/\/popchamber.com.ar\/index.php?rest_route=%2Fwp%2Fv2%2Fcomments&post=13"}],"version-history":[{"count":17,"href":"https:\/\/popchamber.com.ar\/index.php?rest_route=\/wp\/v2\/pages\/13\/revisions"}],"predecessor-version":[{"id":15751,"href":"https:\/\/popchamber.com.ar\/index.php?rest_route=\/wp\/v2\/pages\/13\/revisions\/15751"}],"up":[{"embeddable":true,"href":"https:\/\/popchamber.com.ar\/index.php?rest_route=\/wp\/v2\/pages\/21"}],"wp:attachment":[{"href":"https:\/\/popchamber.com.ar\/index.php?rest_route=%2Fwp%2Fv2%2Fmedia&parent=13"}],"curies":[{"name":"wp","href":"https:\/\/api.w.org\/{rel}","templated":true}]}}